{"id":3404,"date":"2023-07-19T12:09:05","date_gmt":"2023-07-19T10:09:05","guid":{"rendered":"https:\/\/linguavivagroup.com\/?page_id=3404"},"modified":"2024-04-02T16:03:25","modified_gmt":"2024-04-02T14:03:25","slug":"locais","status":"publish","type":"page","link":"https:\/\/linguavivagroup.com\/pt-pt\/locais\/","title":{"rendered":"Locais"},"content":{"rendered":"<section class=\"wpb-content-wrapper\"><p>[vc_row full_width=&#8221;stretch_row_content_no_spaces&#8221; el_class=&#8221;header-image&#8221;][vc_column][vc_single_image image=&#8221;1893&#8243; img_size=&#8221;full&#8221; el_class=&#8221;img-header-big&#8221;][vc_single_image image=&#8221;1897&#8243; img_size=&#8221;full&#8221; el_class=&#8221;img-header-small&#8221;][\/vc_column][\/vc_row][vc_row el_class=&#8221;sezione&#8221;][vc_column width=&#8221;2\/12&#8243;][\/vc_column][vc_column width=&#8221;8\/12&#8243;][vc_column_text el_class=&#8221;red&#8221;]<\/p>\n<h1 style=\"text-align: center;\">APRENDA ITALIANO NA IT\u00c1LIA EM FLOREN\u00c7A, MIL\u00c3O E LIGNANO<\/h1>\n<p>[\/vc_column_text][vc_column_text]Voc\u00ea est\u00e1 procurando um curso de italiano din\u00e2mico, detalhado e completo?<br \/>\nOs programas de estudo da Linguaviva incluem cursos e experi\u00eancias para todas as idades e n\u00edveis. Viva a magia da It\u00e1lia, aprenda o idioma e mergulhe na arte, na cultura e na divers\u00e3o.[\/vc_column_text][\/vc_column][vc_column width=&#8221;2\/12&#8243;][\/vc_column][\/vc_row][vc_row full_width=&#8221;stretch_row_content_no_spaces&#8221; equal_height=&#8221;yes&#8221; content_placement=&#8221;middle&#8221; el_class=&#8221;bg-red&#8221;][vc_column width=&#8221;1\/12&#8243;][\/vc_column][vc_column width=&#8221;4\/12&#8243; el_class=&#8221;banner-testo-destinazione&#8221;][vc_column_text el_class=&#8221;white&#8221;]<\/p>\n<h2>APRENDA ITALIANO NO BER\u00c7O DA RENASCEN\u00c7A<\/h2>\n<p>[\/vc_column_text][vc_column_text el_class=&#8221;white&#8221;]Floren\u00e7a, o ber\u00e7o da Renascen\u00e7a, \u00e9 uma cidade que deve ser visitada pelo menos uma vez na vida, um lugar que surpreende pela sua extraordin\u00e1ria beleza art\u00edstica. Uma cidade com um passado nobre, Floren\u00e7a ostenta um incr\u00edvel patrim\u00f4nio art\u00edstico e hist\u00f3rico. Dante Alighieri, o pai da l\u00edngua italiana, nasceu em Floren\u00e7a, assim como a \u00f3pera e o primeiro desfile de moda italiano.<br \/>\nIsso sem falar no centro hist\u00f3rico de Floren\u00e7a, declarado Patrim\u00f4nio Mundial da UNESCO em 1982, que abriga v\u00e1rios museus, como a famosa Galeria Uffizi. A beleza de Floren\u00e7a pode ser vista em todos os lugares, tanto \u00e9 que a cidade ganhou o t\u00edtulo de &#8220;Museu a c\u00e9u aberto&#8221;.[\/vc_column_text][vc_btn title=&#8221;&#8221; align=&#8221;right&#8221; el_class=&#8221;btn-arrow-white&#8221; link=&#8221;url:https%3A%2F%2Flinguavivagroup.com%2Fpt-pt%2Fdestino-florenca%2F&#8221;][\/vc_column][vc_column width=&#8221;1\/12&#8243;][\/vc_column][vc_column width=&#8221;1\/2&#8243;][vc_single_image image=&#8221;5030&#8243; img_size=&#8221;full&#8221; alignment=&#8221;center&#8221; el_class=&#8221;no-margin&#8221;][\/vc_column][\/vc_row][vc_row full_width=&#8221;stretch_row_content_no_spaces&#8221; el_class=&#8221;overflow-visible&#8221;][vc_column][vc_single_image image=&#8221;350&#8243; img_size=&#8221;full&#8221; el_class=&#8221;square square-medium mtop-100 left0&#8243;][vc_single_image image=&#8221;350&#8243; img_size=&#8221;full&#8221; el_class=&#8221;square square-medium top0 left0&#8243;][vc_single_image image=&#8221;350&#8243; img_size=&#8221;full&#8221; el_class=&#8221;square square-medium mtop-100 right0&#8243;][vc_single_image image=&#8221;362&#8243; img_size=&#8221;full&#8221; el_class=&#8221;square square-medium top0 right0&#8243;][\/vc_column][\/vc_row][vc_row full_width=&#8221;stretch_row_content_no_spaces&#8221; equal_height=&#8221;yes&#8221; content_placement=&#8221;middle&#8221; el_class=&#8221;bg-light-grey&#8221;][vc_column width=&#8221;1\/2&#8243;][vc_single_image image=&#8221;5035&#8243; img_size=&#8221;full&#8221; alignment=&#8221;center&#8221; el_class=&#8221;no-margin&#8221;][\/vc_column][vc_column width=&#8221;1\/12&#8243;][\/vc_column][vc_column width=&#8221;4\/12&#8243; el_class=&#8221;banner-testo-destinazione&#8221;][vc_column_text el_class=&#8221;red&#8221;]<\/p>\n<h2>APRENDA ITALIANO NA CAPITAL DA MODA<\/h2>\n<p>[\/vc_column_text][vc_column_text]Mil\u00e3o \u00e9 uma cidade que surpreende e encanta. Original e fascinante, o passado e o presente convivem em completa harmonia em seus cantos escondidos, p\u00e1tios pitorescos, jardins e parques perfumados, e nas t\u00edpicas casas cercadas por grades.<br \/>\nCapital incontest\u00e1vel da moda e do design, Mil\u00e3o \u00e9 o lar de uma das cenas culturais mais vibrantes da Europa, gra\u00e7as a seus in\u00fameros museus, teatros e galerias de arte. A famosa Catedral de Mil\u00e3o, a mundialmente famosa casa de \u00f3pera La Scala e a elegante bas\u00edlica Santa Maria delle Grazie, Patrim\u00f4nio Mundial da UNESCO, s\u00e3o apenas alguns exemplos.<br \/>\nReconhecida internacionalmente como o centro criativo da It\u00e1lia, gra\u00e7as \u00e0s suas prestigiadas universidades, academias e conservat\u00f3rios, a cidade \u00e9 o destino de estudos preferido de jovens de todo o mundo.[\/vc_column_text][vc_btn title=&#8221;&#8221; align=&#8221;right&#8221; el_class=&#8221;btn-arrow-red&#8221; link=&#8221;url:https%3A%2F%2Flinguavivagroup.com%2Fpt-pt%2Fdestino-milao%2F&#8221;][\/vc_column][vc_column width=&#8221;1\/12&#8243;][\/vc_column][\/vc_row][vc_row full_width=&#8221;stretch_row_content_no_spaces&#8221; el_class=&#8221;overflow-visible&#8221;][vc_column width=&#8221;1\/2&#8243;][vc_single_image image=&#8221;350&#8243; img_size=&#8221;full&#8221; el_class=&#8221;square square-medium mtop-100 right0&#8243;][vc_single_image image=&#8221;320&#8243; img_size=&#8221;full&#8221; el_class=&#8221;square square-medium mtop-50 mright-50&#8243;][\/vc_column][vc_column width=&#8221;1\/2&#8243;][\/vc_column][\/vc_row][vc_row full_width=&#8221;stretch_row_content_no_spaces&#8221; equal_height=&#8221;yes&#8221; content_placement=&#8221;middle&#8221; el_class=&#8221;bg-red&#8221;][vc_column width=&#8221;1\/12&#8243;][\/vc_column][vc_column width=&#8221;4\/12&#8243; el_class=&#8221;banner-testo-destinazione&#8221;][vc_column_text el_class=&#8221;white&#8221;]<\/p>\n<h2>APRENDA ITALIANO NA P\u00c9ROLA DO ADRI\u00c1TICO<\/h2>\n<p>[\/vc_column_text][vc_column_text el_class=&#8221;white&#8221;]Apelidada de P\u00e9rola do Mar Adri\u00e1tico, Lignano Sabbiadoro \u00e9 uma pen\u00ednsula verde de mais de 8 quil\u00f4metros na costa superior do Adri\u00e1tico, localizada entre Veneza e Trieste. Com o nome de sua praia de areia fina e macia, Lignano Sabbiadoro \u00e9 um popular balne\u00e1rio de ver\u00e3o que oferece uma grande variedade de atividades.<br \/>\nCom sua atmosfera animada, a cidade oferece uma infinidade de atra\u00e7\u00f5es e experi\u00eancias e \u00e9 um destino ideal para estudar e se divertir ao mesmo tempo. Lignano Sabbiadoro: o destino perfeito para as suas f\u00e9rias de estudo.[\/vc_column_text][vc_btn title=&#8221;&#8221; align=&#8221;right&#8221; el_class=&#8221;btn-arrow-white&#8221; link=&#8221;url:https%3A%2F%2Flinguavivagroup.com%2Fpt-pt%2Fdestino-lignano%2F&#8221;][\/vc_column][vc_column width=&#8221;1\/12&#8243;][\/vc_column][vc_column width=&#8221;1\/2&#8243;][vc_single_image image=&#8221;5022&#8243; img_size=&#8221;full&#8221; alignment=&#8221;center&#8221; el_class=&#8221;no-margin&#8221;][\/vc_column][\/vc_row][vc_row full_width=&#8221;stretch_row_content_no_spaces&#8221; el_class=&#8221;overflow-visible&#8221;][vc_column][vc_single_image image=&#8221;308&#8243; img_size=&#8221;full&#8221; el_class=&#8221;square square-medium mtop-50 right0&#8243;][\/vc_column][\/vc_row]<\/p>\n<\/section>","protected":false},"excerpt":{"rendered":"<p>[vc_row full_width=&#8221;stretch_row_content_no_spaces&#8221; el_class=&#8221;header-image&#8221;][vc_column][vc_single_image image=&#8221;1893&#8243; img_size=&#8221;full&#8221; el_class=&#8221;img-header-big&#8221;][vc_single_image image=&#8221;1897&#8243; img_size=&#8221;full&#8221; el_class=&#8221;img-header-small&#8221;][\/vc_column][\/vc_row][vc_row el_class=&#8221;sezione&#8221;][vc_column width=&#8221;2\/12&#8243;][\/vc_column][vc_column width=&#8221;8\/12&#8243;][vc_column_text el_class=&#8221;red&#8221;] APRENDA ITALIANO NA IT\u00c1LIA EM FLOREN\u00c7A, MIL\u00c3O E LIGNANO [\/vc_column_text][vc_column_text]Voc\u00ea est\u00e1 procurando um curso de italiano din\u00e2mico, detalhado e completo? Os programas de estudo da Linguaviva incluem cursos e experi\u00eancias para todas as idades e n\u00edveis. Viva a magia da It\u00e1lia, aprenda [&hellip;]<\/p>\n","protected":false},"author":4,"featured_media":1897,"parent":0,"menu_order":-1,"comment_status":"closed","ping_status":"closed","template":"","meta":{"inline_featured_image":false,"footnotes":""},"class_list":["post-3404","page","type-page","status-publish","has-post-thumbnail","hentry"],"yoast_head":"<!-- This site is optimized with the Yoast SEO plugin v27.2 - https:\/\/yoast.com\/product\/yoast-seo-wordpress\/ -->\n<title>Locais | Linguaviva Educational Group<\/title>\n<meta name=\"description\" content=\"Os programas de estudo da Linguaviva incluem cursos e experi\u00eancias para todas as idades e n\u00edveis.\" \/>\n<meta name=\"robots\" content=\"index, follow, max-snippet:-1, max-image-preview:large, max-video-preview:-1\" \/>\n<link rel=\"canonical\" href=\"https:\/\/linguavivagroup.com\/pt-pt\/locais\/\" \/>\n<meta property=\"og:locale\" content=\"pt_PT\" \/>\n<meta property=\"og:type\" content=\"article\" \/>\n<meta property=\"og:title\" content=\"Locais | Linguaviva Educational Group\" \/>\n<meta property=\"og:description\" content=\"Os programas de estudo da Linguaviva incluem cursos e experi\u00eancias para todas as idades e n\u00edveis.\" \/>\n<meta property=\"og:url\" content=\"https:\/\/linguavivagroup.com\/pt-pt\/locais\/\" \/>\n<meta property=\"og:site_name\" content=\"Linguaviva Educational Group\" \/>\n<meta property=\"article:modified_time\" content=\"2024-04-02T14:03:25+00:00\" \/>\n<meta property=\"og:image\" content=\"https:\/\/linguavivagroup.com\/wp-content\/uploads\/2023\/07\/header-mobile-1.png\" \/>\n\t<meta property=\"og:image:width\" content=\"1000\" \/>\n\t<meta property=\"og:image:height\" content=\"1254\" \/>\n\t<meta property=\"og:image:type\" content=\"image\/png\" \/>\n<meta name=\"twitter:card\" content=\"summary_large_image\" \/>\n<meta name=\"twitter:label1\" content=\"Tempo estimado de leitura\" \/>\n\t<meta name=\"twitter:data1\" content=\"3 minutos\" \/>\n<script type=\"application\/ld+json\" class=\"yoast-schema-graph\">{\"@context\":\"https:\/\/schema.org\",\"@graph\":[{\"@type\":\"WebPage\",\"@id\":\"https:\/\/linguavivagroup.com\/pt-pt\/locais\/\",\"url\":\"https:\/\/linguavivagroup.com\/pt-pt\/locais\/\",\"name\":\"Locais | Linguaviva Educational Group\",\"isPartOf\":{\"@id\":\"https:\/\/linguavivagroup.com\/pt-pt\/#website\"},\"primaryImageOfPage\":{\"@id\":\"https:\/\/linguavivagroup.com\/pt-pt\/locais\/#primaryimage\"},\"image\":{\"@id\":\"https:\/\/linguavivagroup.com\/pt-pt\/locais\/#primaryimage\"},\"thumbnailUrl\":\"https:\/\/linguavivagroup.com\/wp-content\/uploads\/2023\/07\/header-mobile-1.png\",\"datePublished\":\"2023-07-19T10:09:05+00:00\",\"dateModified\":\"2024-04-02T14:03:25+00:00\",\"description\":\"Os programas de estudo da Linguaviva incluem cursos e experi\u00eancias para todas as idades e n\u00edveis.\",\"breadcrumb\":{\"@id\":\"https:\/\/linguavivagroup.com\/pt-pt\/locais\/#breadcrumb\"},\"inLanguage\":\"pt-PT\",\"potentialAction\":[{\"@type\":\"ReadAction\",\"target\":[\"https:\/\/linguavivagroup.com\/pt-pt\/locais\/\"]}]},{\"@type\":\"ImageObject\",\"inLanguage\":\"pt-PT\",\"@id\":\"https:\/\/linguavivagroup.com\/pt-pt\/locais\/#primaryimage\",\"url\":\"https:\/\/linguavivagroup.com\/wp-content\/uploads\/2023\/07\/header-mobile-1.png\",\"contentUrl\":\"https:\/\/linguavivagroup.com\/wp-content\/uploads\/2023\/07\/header-mobile-1.png\",\"width\":1000,\"height\":1254,\"caption\":\"Colinas da Toscana - mobile\"},{\"@type\":\"BreadcrumbList\",\"@id\":\"https:\/\/linguavivagroup.com\/pt-pt\/locais\/#breadcrumb\",\"itemListElement\":[{\"@type\":\"ListItem\",\"position\":1,\"name\":\"Home\",\"item\":\"https:\/\/linguavivagroup.com\/pt-pt\/\"},{\"@type\":\"ListItem\",\"position\":2,\"name\":\"Locais\"}]},{\"@type\":\"WebSite\",\"@id\":\"https:\/\/linguavivagroup.com\/pt-pt\/#website\",\"url\":\"https:\/\/linguavivagroup.com\/pt-pt\/\",\"name\":\"Linguaviva Educational Group\",\"description\":\"Study and learn italian in italy\",\"publisher\":{\"@id\":\"https:\/\/linguavivagroup.com\/pt-pt\/#organization\"},\"potentialAction\":[{\"@type\":\"SearchAction\",\"target\":{\"@type\":\"EntryPoint\",\"urlTemplate\":\"https:\/\/linguavivagroup.com\/pt-pt\/?s={search_term_string}\"},\"query-input\":{\"@type\":\"PropertyValueSpecification\",\"valueRequired\":true,\"valueName\":\"search_term_string\"}}],\"inLanguage\":\"pt-PT\"},{\"@type\":\"Organization\",\"@id\":\"https:\/\/linguavivagroup.com\/pt-pt\/#organization\",\"name\":\"Linguaviva Educational Group\",\"url\":\"https:\/\/linguavivagroup.com\/pt-pt\/\",\"logo\":{\"@type\":\"ImageObject\",\"inLanguage\":\"pt-PT\",\"@id\":\"https:\/\/linguavivagroup.com\/pt-pt\/#\/schema\/logo\/image\/\",\"url\":\"https:\/\/linguavivagroup.com\/wp-content\/uploads\/2026\/03\/logo-linguaviva-bianco-50-260.png\",\"contentUrl\":\"https:\/\/linguavivagroup.com\/wp-content\/uploads\/2026\/03\/logo-linguaviva-bianco-50-260.png\",\"width\":260,\"height\":48,\"caption\":\"Linguaviva Educational Group\"},\"image\":{\"@id\":\"https:\/\/linguavivagroup.com\/pt-pt\/#\/schema\/logo\/image\/\"}}]}<\/script>\n<!-- \/ Yoast SEO plugin. -->","yoast_head_json":{"title":"Locais | Linguaviva Educational Group","description":"Os programas de estudo da Linguaviva incluem cursos e experi\u00eancias para todas as idades e n\u00edveis.","robots":{"index":"index","follow":"follow","max-snippet":"max-snippet:-1","max-image-preview":"max-image-preview:large","max-video-preview":"max-video-preview:-1"},"canonical":"https:\/\/linguavivagroup.com\/pt-pt\/locais\/","og_locale":"pt_PT","og_type":"article","og_title":"Locais | Linguaviva Educational Group","og_description":"Os programas de estudo da Linguaviva incluem cursos e experi\u00eancias para todas as idades e n\u00edveis.","og_url":"https:\/\/linguavivagroup.com\/pt-pt\/locais\/","og_site_name":"Linguaviva Educational Group","article_modified_time":"2024-04-02T14:03:25+00:00","og_image":[{"width":1000,"height":1254,"url":"https:\/\/linguavivagroup.com\/wp-content\/uploads\/2023\/07\/header-mobile-1.png","type":"image\/png"}],"twitter_card":"summary_large_image","twitter_misc":{"Tempo estimado de leitura":"3 minutos"},"schema":{"@context":"https:\/\/schema.org","@graph":[{"@type":"WebPage","@id":"https:\/\/linguavivagroup.com\/pt-pt\/locais\/","url":"https:\/\/linguavivagroup.com\/pt-pt\/locais\/","name":"Locais | Linguaviva Educational Group","isPartOf":{"@id":"https:\/\/linguavivagroup.com\/pt-pt\/#website"},"primaryImageOfPage":{"@id":"https:\/\/linguavivagroup.com\/pt-pt\/locais\/#primaryimage"},"image":{"@id":"https:\/\/linguavivagroup.com\/pt-pt\/locais\/#primaryimage"},"thumbnailUrl":"https:\/\/linguavivagroup.com\/wp-content\/uploads\/2023\/07\/header-mobile-1.png","datePublished":"2023-07-19T10:09:05+00:00","dateModified":"2024-04-02T14:03:25+00:00","description":"Os programas de estudo da Linguaviva incluem cursos e experi\u00eancias para todas as idades e n\u00edveis.","breadcrumb":{"@id":"https:\/\/linguavivagroup.com\/pt-pt\/locais\/#breadcrumb"},"inLanguage":"pt-PT","potentialAction":[{"@type":"ReadAction","target":["https:\/\/linguavivagroup.com\/pt-pt\/locais\/"]}]},{"@type":"ImageObject","inLanguage":"pt-PT","@id":"https:\/\/linguavivagroup.com\/pt-pt\/locais\/#primaryimage","url":"https:\/\/linguavivagroup.com\/wp-content\/uploads\/2023\/07\/header-mobile-1.png","contentUrl":"https:\/\/linguavivagroup.com\/wp-content\/uploads\/2023\/07\/header-mobile-1.png","width":1000,"height":1254,"caption":"Colinas da Toscana - mobile"},{"@type":"BreadcrumbList","@id":"https:\/\/linguavivagroup.com\/pt-pt\/locais\/#breadcrumb","itemListElement":[{"@type":"ListItem","position":1,"name":"Home","item":"https:\/\/linguavivagroup.com\/pt-pt\/"},{"@type":"ListItem","position":2,"name":"Locais"}]},{"@type":"WebSite","@id":"https:\/\/linguavivagroup.com\/pt-pt\/#website","url":"https:\/\/linguavivagroup.com\/pt-pt\/","name":"Linguaviva Educational Group","description":"Study and learn italian in italy","publisher":{"@id":"https:\/\/linguavivagroup.com\/pt-pt\/#organization"},"potentialAction":[{"@type":"SearchAction","target":{"@type":"EntryPoint","urlTemplate":"https:\/\/linguavivagroup.com\/pt-pt\/?s={search_term_string}"},"query-input":{"@type":"PropertyValueSpecification","valueRequired":true,"valueName":"search_term_string"}}],"inLanguage":"pt-PT"},{"@type":"Organization","@id":"https:\/\/linguavivagroup.com\/pt-pt\/#organization","name":"Linguaviva Educational Group","url":"https:\/\/linguavivagroup.com\/pt-pt\/","logo":{"@type":"ImageObject","inLanguage":"pt-PT","@id":"https:\/\/linguavivagroup.com\/pt-pt\/#\/schema\/logo\/image\/","url":"https:\/\/linguavivagroup.com\/wp-content\/uploads\/2026\/03\/logo-linguaviva-bianco-50-260.png","contentUrl":"https:\/\/linguavivagroup.com\/wp-content\/uploads\/2026\/03\/logo-linguaviva-bianco-50-260.png","width":260,"height":48,"caption":"Linguaviva Educational Group"},"image":{"@id":"https:\/\/linguavivagroup.com\/pt-pt\/#\/schema\/logo\/image\/"}}]}},"_links":{"self":[{"href":"https:\/\/linguavivagroup.com\/pt-pt\/wp-json\/wp\/v2\/pages\/3404","targetHints":{"allow":["GET"]}}],"collection":[{"href":"https:\/\/linguavivagroup.com\/pt-pt\/wp-json\/wp\/v2\/pages"}],"about":[{"href":"https:\/\/linguavivagroup.com\/pt-pt\/wp-json\/wp\/v2\/types\/page"}],"author":[{"embeddable":true,"href":"https:\/\/linguavivagroup.com\/pt-pt\/wp-json\/wp\/v2\/users\/4"}],"replies":[{"embeddable":true,"href":"https:\/\/linguavivagroup.com\/pt-pt\/wp-json\/wp\/v2\/comments?post=3404"}],"version-history":[{"count":7,"href":"https:\/\/linguavivagroup.com\/pt-pt\/wp-json\/wp\/v2\/pages\/3404\/revisions"}],"predecessor-version":[{"id":7878,"href":"https:\/\/linguavivagroup.com\/pt-pt\/wp-json\/wp\/v2\/pages\/3404\/revisions\/7878"}],"wp:featuredmedia":[{"embeddable":true,"href":"https:\/\/linguavivagroup.com\/pt-pt\/wp-json\/wp\/v2\/media\/1897"}],"wp:attachment":[{"href":"https:\/\/linguavivagroup.com\/pt-pt\/wp-json\/wp\/v2\/media?parent=3404"}],"curies":[{"name":"wp","href":"https:\/\/api.w.org\/{rel}","templated":true}]}}