{"id":3410,"date":"2023-07-20T12:04:57","date_gmt":"2023-07-20T10:04:57","guid":{"rendered":"https:\/\/linguavivagroup.com\/?page_id=3410"},"modified":"2024-04-02T14:10:39","modified_gmt":"2024-04-02T12:10:39","slug":"cursos-de-italiano-em-florenca","status":"publish","type":"page","link":"https:\/\/linguavivagroup.com\/pt-pt\/cursos-de-italiano-em-florenca\/","title":{"rendered":"CURSOS DE ITALIANO EM FLOREN\u00c7A"},"content":{"rendered":"<section class=\"wpb-content-wrapper\"><p>[vc_row full_width=&#8221;stretch_row_content_no_spaces&#8221; el_class=&#8221;header-image&#8221;][vc_column][vc_single_image image=&#8221;2052&#8243; img_size=&#8221;full&#8221; el_class=&#8221;img-header-big&#8221;][vc_single_image image=&#8221;2056&#8243; img_size=&#8221;full&#8221; el_class=&#8221;img-header-small&#8221;][\/vc_column][\/vc_row][vc_row el_class=&#8221;sezione&#8221;][vc_column width=&#8221;2\/12&#8243;][\/vc_column][vc_column width=&#8221;8\/12&#8243;][vc_column_text el_class=&#8221;red&#8221;]<\/p>\n<h1 style=\"text-align: center;\">CURSOS DE ITALIANO EM FLOREN\u00c7A<\/h1>\n<p>[\/vc_column_text][vc_column_text]Nossa escola organiza cursos de l\u00edngua e cultura italiana de curta e longa dura\u00e7\u00e3o em Floren\u00e7a, adequados para quem quer aprender italiano por motivos culturais, acad\u00eamicos ou profissionais. As aulas de italiano s\u00e3o ministradas por professores nativos de l\u00edngua italiana, especializados no ensino do idioma para alunos estrangeiros, o que significa que, desde o primeiro dia, voc\u00ea s\u00f3 falar\u00e1 italiano. Para obter mais informa\u00e7\u00f5es sobre o nosso m\u00e9todo de ensino, aulas, n\u00edveis de aptid\u00e3o, programas de ensino, materiais did\u00e1ticos, instru\u00e7\u00f5es, diplomas e exames, clique aqui.[\/vc_column_text][\/vc_column][vc_column width=&#8221;2\/12&#8243;][\/vc_column][\/vc_row][vc_row][vc_column][vc_basic_grid post_type=&#8221;courses&#8221; max_items=&#8221;-1&#8243; gap=&#8221;15&#8243; orderby=&#8221;menu_order&#8221; item=&#8221;508&#8243; initial_loading_animation=&#8221;none&#8221; grid_id=&#8221;vc_gid:1692716978917-386edce4-5aff-8&#8243; el_class=&#8221;elenco-corsi&#8221; taxonomies=&#8221;37&#8243;][\/vc_column][\/vc_row][vc_row][vc_column][vc_raw_html]JTNDc3R5bGUlM0UlMEEuZm9vdGVyLWZvcm0lMjAlN0JkaXNwbGF5JTNBJTIwbm9uZSUzQiU3RCUwQSUzQyUyRnN0eWxlJTNF[\/vc_raw_html][\/vc_column][\/vc_row]<\/p>\n<\/section>","protected":false},"excerpt":{"rendered":"<p>[vc_row full_width=&#8221;stretch_row_content_no_spaces&#8221; el_class=&#8221;header-image&#8221;][vc_column][vc_single_image image=&#8221;2052&#8243; img_size=&#8221;full&#8221; el_class=&#8221;img-header-big&#8221;][vc_single_image image=&#8221;2056&#8243; img_size=&#8221;full&#8221; el_class=&#8221;img-header-small&#8221;][\/vc_column][\/vc_row][vc_row el_class=&#8221;sezione&#8221;][vc_column width=&#8221;2\/12&#8243;][\/vc_column][vc_column width=&#8221;8\/12&#8243;][vc_column_text el_class=&#8221;red&#8221;] CURSOS DE ITALIANO EM FLOREN\u00c7A [\/vc_column_text][vc_column_text]Nossa escola organiza cursos de l\u00edngua e cultura italiana de curta e longa dura\u00e7\u00e3o em Floren\u00e7a, adequados para quem quer aprender italiano por motivos culturais, acad\u00eamicos ou profissionais. As aulas de italiano s\u00e3o ministradas por professores nativos [&hellip;]<\/p>\n","protected":false},"author":4,"featured_media":2089,"parent":0,"menu_order":-1,"comment_status":"closed","ping_status":"closed","template":"","meta":{"inline_featured_image":false,"footnotes":""},"class_list":["post-3410","page","type-page","status-publish","has-post-thumbnail","hentry"],"yoast_head":"<!-- This site is optimized with the Yoast SEO plugin v27.2 - https:\/\/yoast.com\/product\/yoast-seo-wordpress\/ -->\n<title>CURSOS DE ITALIANO EM FLOREN\u00c7A | Linguaviva Educational Group<\/title>\n<meta name=\"description\" content=\"Nossa escola organiza cursos de l\u00edngua e cultura italiana de curta e longa dura\u00e7\u00e3o em Floren\u00e7a, adequados para quem quer aprender italiano por motivos culturais, acad\u00eamicos ou profissionais.\" \/>\n<meta name=\"robots\" content=\"index, follow, max-snippet:-1, max-image-preview:large, max-video-preview:-1\" \/>\n<link rel=\"canonical\" href=\"https:\/\/linguavivagroup.com\/pt-pt\/cursos-de-italiano-em-florenca\/\" \/>\n<meta property=\"og:locale\" content=\"pt_PT\" \/>\n<meta property=\"og:type\" content=\"article\" \/>\n<meta property=\"og:title\" content=\"CURSOS DE ITALIANO EM FLOREN\u00c7A | Linguaviva Educational Group\" \/>\n<meta property=\"og:description\" content=\"Nossa escola organiza cursos de l\u00edngua e cultura italiana de curta e longa dura\u00e7\u00e3o em Floren\u00e7a, adequados para quem quer aprender italiano por motivos culturais, acad\u00eamicos ou profissionais.\" \/>\n<meta property=\"og:url\" content=\"https:\/\/linguavivagroup.com\/pt-pt\/cursos-de-italiano-em-florenca\/\" \/>\n<meta property=\"og:site_name\" content=\"Linguaviva Educational Group\" \/>\n<meta property=\"article:modified_time\" content=\"2024-04-02T12:10:39+00:00\" \/>\n<meta property=\"og:image\" content=\"https:\/\/linguavivagroup.com\/wp-content\/uploads\/2023\/07\/05-Italianartsf.jpg\" \/>\n\t<meta property=\"og:image:width\" content=\"1000\" \/>\n\t<meta property=\"og:image:height\" content=\"543\" \/>\n\t<meta property=\"og:image:type\" content=\"image\/jpeg\" \/>\n<meta name=\"twitter:card\" content=\"summary_large_image\" \/>\n<meta name=\"twitter:label1\" content=\"Tempo estimado de leitura\" \/>\n\t<meta name=\"twitter:data1\" content=\"1 minuto\" \/>\n<script type=\"application\/ld+json\" class=\"yoast-schema-graph\">{\"@context\":\"https:\/\/schema.org\",\"@graph\":[{\"@type\":\"WebPage\",\"@id\":\"https:\/\/linguavivagroup.com\/pt-pt\/cursos-de-italiano-em-florenca\/\",\"url\":\"https:\/\/linguavivagroup.com\/pt-pt\/cursos-de-italiano-em-florenca\/\",\"name\":\"CURSOS DE ITALIANO EM FLOREN\u00c7A | Linguaviva Educational Group\",\"isPartOf\":{\"@id\":\"https:\/\/linguavivagroup.com\/pt-pt\/#website\"},\"primaryImageOfPage\":{\"@id\":\"https:\/\/linguavivagroup.com\/pt-pt\/cursos-de-italiano-em-florenca\/#primaryimage\"},\"image\":{\"@id\":\"https:\/\/linguavivagroup.com\/pt-pt\/cursos-de-italiano-em-florenca\/#primaryimage\"},\"thumbnailUrl\":\"https:\/\/linguavivagroup.com\/wp-content\/uploads\/2023\/07\/05-Italianartsf.jpg\",\"datePublished\":\"2023-07-20T10:04:57+00:00\",\"dateModified\":\"2024-04-02T12:10:39+00:00\",\"description\":\"Nossa escola organiza cursos de l\u00edngua e cultura italiana de curta e longa dura\u00e7\u00e3o em Floren\u00e7a, adequados para quem quer aprender italiano por motivos culturais, acad\u00eamicos ou profissionais.\",\"breadcrumb\":{\"@id\":\"https:\/\/linguavivagroup.com\/pt-pt\/cursos-de-italiano-em-florenca\/#breadcrumb\"},\"inLanguage\":\"pt-PT\",\"potentialAction\":[{\"@type\":\"ReadAction\",\"target\":[\"https:\/\/linguavivagroup.com\/pt-pt\/cursos-de-italiano-em-florenca\/\"]}]},{\"@type\":\"ImageObject\",\"inLanguage\":\"pt-PT\",\"@id\":\"https:\/\/linguavivagroup.com\/pt-pt\/cursos-de-italiano-em-florenca\/#primaryimage\",\"url\":\"https:\/\/linguavivagroup.com\/wp-content\/uploads\/2023\/07\/05-Italianartsf.jpg\",\"contentUrl\":\"https:\/\/linguavivagroup.com\/wp-content\/uploads\/2023\/07\/05-Italianartsf.jpg\",\"width\":1000,\"height\":543,\"caption\":\"Alunos do curso de artes\"},{\"@type\":\"BreadcrumbList\",\"@id\":\"https:\/\/linguavivagroup.com\/pt-pt\/cursos-de-italiano-em-florenca\/#breadcrumb\",\"itemListElement\":[{\"@type\":\"ListItem\",\"position\":1,\"name\":\"Home\",\"item\":\"https:\/\/linguavivagroup.com\/pt-pt\/\"},{\"@type\":\"ListItem\",\"position\":2,\"name\":\"CURSOS DE ITALIANO EM FLOREN\u00c7A\"}]},{\"@type\":\"WebSite\",\"@id\":\"https:\/\/linguavivagroup.com\/pt-pt\/#website\",\"url\":\"https:\/\/linguavivagroup.com\/pt-pt\/\",\"name\":\"Linguaviva Educational Group\",\"description\":\"Study and learn italian in italy\",\"publisher\":{\"@id\":\"https:\/\/linguavivagroup.com\/pt-pt\/#organization\"},\"potentialAction\":[{\"@type\":\"SearchAction\",\"target\":{\"@type\":\"EntryPoint\",\"urlTemplate\":\"https:\/\/linguavivagroup.com\/pt-pt\/?s={search_term_string}\"},\"query-input\":{\"@type\":\"PropertyValueSpecification\",\"valueRequired\":true,\"valueName\":\"search_term_string\"}}],\"inLanguage\":\"pt-PT\"},{\"@type\":\"Organization\",\"@id\":\"https:\/\/linguavivagroup.com\/pt-pt\/#organization\",\"name\":\"Linguaviva Educational Group\",\"url\":\"https:\/\/linguavivagroup.com\/pt-pt\/\",\"logo\":{\"@type\":\"ImageObject\",\"inLanguage\":\"pt-PT\",\"@id\":\"https:\/\/linguavivagroup.com\/pt-pt\/#\/schema\/logo\/image\/\",\"url\":\"https:\/\/linguavivagroup.com\/wp-content\/uploads\/2026\/03\/logo-linguaviva-bianco-50-260.png\",\"contentUrl\":\"https:\/\/linguavivagroup.com\/wp-content\/uploads\/2026\/03\/logo-linguaviva-bianco-50-260.png\",\"width\":260,\"height\":48,\"caption\":\"Linguaviva Educational Group\"},\"image\":{\"@id\":\"https:\/\/linguavivagroup.com\/pt-pt\/#\/schema\/logo\/image\/\"}}]}<\/script>\n<!-- \/ Yoast SEO plugin. -->","yoast_head_json":{"title":"CURSOS DE ITALIANO EM FLOREN\u00c7A | Linguaviva Educational Group","description":"Nossa escola organiza cursos de l\u00edngua e cultura italiana de curta e longa dura\u00e7\u00e3o em Floren\u00e7a, adequados para quem quer aprender italiano por motivos culturais, acad\u00eamicos ou profissionais.","robots":{"index":"index","follow":"follow","max-snippet":"max-snippet:-1","max-image-preview":"max-image-preview:large","max-video-preview":"max-video-preview:-1"},"canonical":"https:\/\/linguavivagroup.com\/pt-pt\/cursos-de-italiano-em-florenca\/","og_locale":"pt_PT","og_type":"article","og_title":"CURSOS DE ITALIANO EM FLOREN\u00c7A | Linguaviva Educational Group","og_description":"Nossa escola organiza cursos de l\u00edngua e cultura italiana de curta e longa dura\u00e7\u00e3o em Floren\u00e7a, adequados para quem quer aprender italiano por motivos culturais, acad\u00eamicos ou profissionais.","og_url":"https:\/\/linguavivagroup.com\/pt-pt\/cursos-de-italiano-em-florenca\/","og_site_name":"Linguaviva Educational Group","article_modified_time":"2024-04-02T12:10:39+00:00","og_image":[{"width":1000,"height":543,"url":"https:\/\/linguavivagroup.com\/wp-content\/uploads\/2023\/07\/05-Italianartsf.jpg","type":"image\/jpeg"}],"twitter_card":"summary_large_image","twitter_misc":{"Tempo estimado de leitura":"1 minuto"},"schema":{"@context":"https:\/\/schema.org","@graph":[{"@type":"WebPage","@id":"https:\/\/linguavivagroup.com\/pt-pt\/cursos-de-italiano-em-florenca\/","url":"https:\/\/linguavivagroup.com\/pt-pt\/cursos-de-italiano-em-florenca\/","name":"CURSOS DE ITALIANO EM FLOREN\u00c7A | Linguaviva Educational Group","isPartOf":{"@id":"https:\/\/linguavivagroup.com\/pt-pt\/#website"},"primaryImageOfPage":{"@id":"https:\/\/linguavivagroup.com\/pt-pt\/cursos-de-italiano-em-florenca\/#primaryimage"},"image":{"@id":"https:\/\/linguavivagroup.com\/pt-pt\/cursos-de-italiano-em-florenca\/#primaryimage"},"thumbnailUrl":"https:\/\/linguavivagroup.com\/wp-content\/uploads\/2023\/07\/05-Italianartsf.jpg","datePublished":"2023-07-20T10:04:57+00:00","dateModified":"2024-04-02T12:10:39+00:00","description":"Nossa escola organiza cursos de l\u00edngua e cultura italiana de curta e longa dura\u00e7\u00e3o em Floren\u00e7a, adequados para quem quer aprender italiano por motivos culturais, acad\u00eamicos ou profissionais.","breadcrumb":{"@id":"https:\/\/linguavivagroup.com\/pt-pt\/cursos-de-italiano-em-florenca\/#breadcrumb"},"inLanguage":"pt-PT","potentialAction":[{"@type":"ReadAction","target":["https:\/\/linguavivagroup.com\/pt-pt\/cursos-de-italiano-em-florenca\/"]}]},{"@type":"ImageObject","inLanguage":"pt-PT","@id":"https:\/\/linguavivagroup.com\/pt-pt\/cursos-de-italiano-em-florenca\/#primaryimage","url":"https:\/\/linguavivagroup.com\/wp-content\/uploads\/2023\/07\/05-Italianartsf.jpg","contentUrl":"https:\/\/linguavivagroup.com\/wp-content\/uploads\/2023\/07\/05-Italianartsf.jpg","width":1000,"height":543,"caption":"Alunos do curso de artes"},{"@type":"BreadcrumbList","@id":"https:\/\/linguavivagroup.com\/pt-pt\/cursos-de-italiano-em-florenca\/#breadcrumb","itemListElement":[{"@type":"ListItem","position":1,"name":"Home","item":"https:\/\/linguavivagroup.com\/pt-pt\/"},{"@type":"ListItem","position":2,"name":"CURSOS DE ITALIANO EM FLOREN\u00c7A"}]},{"@type":"WebSite","@id":"https:\/\/linguavivagroup.com\/pt-pt\/#website","url":"https:\/\/linguavivagroup.com\/pt-pt\/","name":"Linguaviva Educational Group","description":"Study and learn italian in italy","publisher":{"@id":"https:\/\/linguavivagroup.com\/pt-pt\/#organization"},"potentialAction":[{"@type":"SearchAction","target":{"@type":"EntryPoint","urlTemplate":"https:\/\/linguavivagroup.com\/pt-pt\/?s={search_term_string}"},"query-input":{"@type":"PropertyValueSpecification","valueRequired":true,"valueName":"search_term_string"}}],"inLanguage":"pt-PT"},{"@type":"Organization","@id":"https:\/\/linguavivagroup.com\/pt-pt\/#organization","name":"Linguaviva Educational Group","url":"https:\/\/linguavivagroup.com\/pt-pt\/","logo":{"@type":"ImageObject","inLanguage":"pt-PT","@id":"https:\/\/linguavivagroup.com\/pt-pt\/#\/schema\/logo\/image\/","url":"https:\/\/linguavivagroup.com\/wp-content\/uploads\/2026\/03\/logo-linguaviva-bianco-50-260.png","contentUrl":"https:\/\/linguavivagroup.com\/wp-content\/uploads\/2026\/03\/logo-linguaviva-bianco-50-260.png","width":260,"height":48,"caption":"Linguaviva Educational Group"},"image":{"@id":"https:\/\/linguavivagroup.com\/pt-pt\/#\/schema\/logo\/image\/"}}]}},"_links":{"self":[{"href":"https:\/\/linguavivagroup.com\/pt-pt\/wp-json\/wp\/v2\/pages\/3410","targetHints":{"allow":["GET"]}}],"collection":[{"href":"https:\/\/linguavivagroup.com\/pt-pt\/wp-json\/wp\/v2\/pages"}],"about":[{"href":"https:\/\/linguavivagroup.com\/pt-pt\/wp-json\/wp\/v2\/types\/page"}],"author":[{"embeddable":true,"href":"https:\/\/linguavivagroup.com\/pt-pt\/wp-json\/wp\/v2\/users\/4"}],"replies":[{"embeddable":true,"href":"https:\/\/linguavivagroup.com\/pt-pt\/wp-json\/wp\/v2\/comments?post=3410"}],"version-history":[{"count":3,"href":"https:\/\/linguavivagroup.com\/pt-pt\/wp-json\/wp\/v2\/pages\/3410\/revisions"}],"predecessor-version":[{"id":4720,"href":"https:\/\/linguavivagroup.com\/pt-pt\/wp-json\/wp\/v2\/pages\/3410\/revisions\/4720"}],"wp:featuredmedia":[{"embeddable":true,"href":"https:\/\/linguavivagroup.com\/pt-pt\/wp-json\/wp\/v2\/media\/2089"}],"wp:attachment":[{"href":"https:\/\/linguavivagroup.com\/pt-pt\/wp-json\/wp\/v2\/media?parent=3410"}],"curies":[{"name":"wp","href":"https:\/\/api.w.org\/{rel}","templated":true}]}}