{"id":3498,"date":"2023-07-21T15:55:06","date_gmt":"2023-07-21T13:55:06","guid":{"rendered":"https:\/\/linguavivagroup.com\/?page_id=3498"},"modified":"2024-04-02T14:13:49","modified_gmt":"2024-04-02T12:13:49","slug":"cursos-de-lingua-e-cultura-italiana","status":"publish","type":"page","link":"https:\/\/linguavivagroup.com\/pt-pt\/cursos-de-lingua-e-cultura-italiana\/","title":{"rendered":"CURSOS"},"content":{"rendered":"<section class=\"wpb-content-wrapper\"><p>[vc_row full_width=&#8221;stretch_row_content_no_spaces&#8221; el_class=&#8221;header-image&#8221;][vc_column][vc_single_image image=&#8221;1258&#8243; img_size=&#8221;full&#8221; el_class=&#8221;img-header-big&#8221;][vc_single_image image=&#8221;1258&#8243; img_size=&#8221;full&#8221; el_class=&#8221;img-header-small&#8221;][\/vc_column][\/vc_row][vc_row el_class=&#8221;sezione no-padding-bottom&#8221;][vc_column width=&#8221;2\/12&#8243;][\/vc_column][vc_column width=&#8221;8\/12&#8243;][vc_column_text el_class=&#8221;red&#8221;]<\/p>\n<h1 style=\"text-align: center;\">CURSOS DE L\u00cdNGUA E CULTURA ITALIANA<\/h1>\n<p>[\/vc_column_text][vc_column_text]Nossa variedade de cursos de italiano combina um ensino lingu\u00edstico de excel\u00eancia com uma forma\u00e7\u00e3o cultural de alta qualidade.<\/p>\n<p>Os per\u00edodos de estudo podem variar quanto \u00e0 quantidade de aulas por semana, \u00e0 forma como as aulas s\u00e3o conduzidas e, acima de tudo, ao objetivo, que pode ser puramente acad\u00eamico ou predominantemente pr\u00e1tico. Tamb\u00e9m oferecemos programas inesquec\u00edveis para adolescentes, que combinam o estudo do italiano com atividades recreativas, e cursos online que podem ser feitos antes de uma viagem \u00e0 It\u00e1lia para voc\u00ea atingir o n\u00edvel de idioma desejado, ou depois da sua viagem, para voc\u00ea continuar praticando o idioma italiano.<\/p>\n<p>Escolha o curso que melhor se adapte \u00e0s suas necessidades e desejos.[\/vc_column_text][\/vc_column][vc_column width=&#8221;2\/12&#8243;][\/vc_column][\/vc_row][vc_row gap=&#8221;30&#8243; el_class=&#8221;sezione no-padding-top&#8221;][vc_column][vc_column_text el_class=&#8221;filtro red&#8221;]<\/p>\n<h2>LOCATION<\/h2>\n<ul>\n<li class=\"item-firenze\">Floren\u00e7a<\/li>\n<li class=\"item-milano\">Mil\u00e3o<\/li>\n<li class=\"item-lignano\">Lignano<\/li>\n<li class=\"item-all active\">All<\/li>\n<\/ul>\n<p>[\/vc_column_text][\/vc_column][\/vc_row][vc_row][vc_column][vc_basic_grid post_type=&#8221;courses&#8221; max_items=&#8221;-1&#8243; gap=&#8221;15&#8243; orderby=&#8221;menu_order&#8221; item=&#8221;1247&#8243; initial_loading_animation=&#8221;none&#8221; grid_id=&#8221;vc_gid:1708422170945-f657100d-f0ae-4&#8243; el_class=&#8221;elenco-corsi elenco-corsi-firenze hidden&#8221; taxonomies=&#8221;44&#8243;][vc_basic_grid post_type=&#8221;courses&#8221; max_items=&#8221;-1&#8243; gap=&#8221;15&#8243; orderby=&#8221;menu_order&#8221; item=&#8221;1247&#8243; initial_loading_animation=&#8221;none&#8221; grid_id=&#8221;vc_gid:1708422239059-b0bea2dd-b2b3-10&#8243; el_class=&#8221;elenco-corsi elenco-corsi-milano hidden&#8221; taxonomies=&#8221;47&#8243;][vc_basic_grid post_type=&#8221;courses&#8221; max_items=&#8221;-1&#8243; gap=&#8221;15&#8243; orderby=&#8221;menu_order&#8221; item=&#8221;1247&#8243; initial_loading_animation=&#8221;none&#8221; grid_id=&#8221;vc_gid:1708422223395-83c7f303-5039-10&#8243; el_class=&#8221;elenco-corsi elenco-corsi-lignano hidden&#8221; taxonomies=&#8221;46&#8243;][vc_basic_grid post_type=&#8221;courses&#8221; max_items=&#8221;-1&#8243; gap=&#8221;15&#8243; orderby=&#8221;menu_order&#8221; item=&#8221;1247&#8243; initial_loading_animation=&#8221;none&#8221; grid_id=&#8221;vc_gid:1708422204203-28d9be47-9f1a-4&#8243; el_class=&#8221;elenco-corsi elenco-corsi-all&#8221; taxonomies=&#8221;4&#8243;][vc_raw_js]JTNDc2NyaXB0JTNFJTBBalF1ZXJ5JTI4ZG9jdW1lbnQlMjkucmVhZHklMjhmdW5jdGlvbiUyOCUyOSU3QiUwQSUyMCUyMCUyMCUyMGpRdWVyeSUyOCUyNy5pdGVtLWFsbCUyNyUyOS5jbGljayUyOGZ1bmN0aW9uJTI4JTI5JTIwJTdCJTBBJTIwJTIwJTIwJTIwJTIwJTIwalF1ZXJ5JTI4JTI3LmVsZW5jby1jb3JzaSUyNyUyOS5oaWRlJTI4JTI5JTNCJTBBalF1ZXJ5JTI4JTI3LmVsZW5jby1jb3JzaS1hbGwlMjclMjkuc2hvdyUyOCUyOSUzQiUwQWpRdWVyeSUyOHRoaXMlMjkuYWRkQ2xhc3MlMjglMjdhY3RpdmUlMjclMjklM0IlMEFqUXVlcnklMjh0aGlzJTI5LnNpYmxpbmdzJTI4JTI5LnJlbW92ZUNsYXNzJTI4JTI3YWN0aXZlJTI3JTI5JTNCJTBBJTIwJTIwJTIwJTIwJTdEJTI5JTNCJTBBJTIwJTIwJTIwJTIwalF1ZXJ5JTI4JTI3Lml0ZW0tbWlsYW5vJTI3JTI5LmNsaWNrJTI4ZnVuY3Rpb24lMjglMjklMjAlN0IlMEElMjAlMjAlMjAlMjAlMjAlMjBqUXVlcnklMjglMjcuZWxlbmNvLWNvcnNpJTI3JTI5LmhpZGUlMjglMjklM0IlMEFqUXVlcnklMjglMjcuZWxlbmNvLWNvcnNpLW1pbGFubyUyNyUyOS5zaG93JTI4JTI5JTNCJTBBalF1ZXJ5JTI4dGhpcyUyOS5hZGRDbGFzcyUyOCUyN2FjdGl2ZSUyNyUyOSUzQiUwQWpRdWVyeSUyOHRoaXMlMjkuc2libGluZ3MlMjglMjkucmVtb3ZlQ2xhc3MlMjglMjdhY3RpdmUlMjclMjklM0IlMEElMjAlMjAlMjAlMjAlN0QlMjklM0IlMEElMjAlMjAlMjAlMjBqUXVlcnklMjglMjcuaXRlbS1maXJlbnplJTI3JTI5LmNsaWNrJTI4ZnVuY3Rpb24lMjglMjklMjAlN0IlMEElMjAlMjAlMjAlMjAlMjAlMjBqUXVlcnklMjglMjcuZWxlbmNvLWNvcnNpJTI3JTI5LmhpZGUlMjglMjklM0IlMEFqUXVlcnklMjglMjcuZWxlbmNvLWNvcnNpLWZpcmVuemUlMjclMjkuc2hvdyUyOCUyOSUzQiUwQWpRdWVyeSUyOHRoaXMlMjkuYWRkQ2xhc3MlMjglMjdhY3RpdmUlMjclMjklM0IlMEFqUXVlcnklMjh0aGlzJTI5LnNpYmxpbmdzJTI4JTI5LnJlbW92ZUNsYXNzJTI4JTI3YWN0aXZlJTI3JTI5JTNCJTBBJTIwJTIwJTIwJTIwJTdEJTI5JTNCJTBBJTIwJTIwJTIwJTIwalF1ZXJ5JTI4JTI3Lml0ZW0tbGlnbmFubyUyNyUyOS5jbGljayUyOGZ1bmN0aW9uJTI4JTI5JTIwJTdCJTBBJTIwJTIwJTIwJTIwJTIwalF1ZXJ5JTI4JTI3LmVsZW5jby1jb3JzaSUyNyUyOS5oaWRlJTI4JTI5JTNCJTBBalF1ZXJ5JTI4JTI3LmVsZW5jby1jb3JzaS1saWduYW5vJTI3JTI5LnNob3clMjglMjklM0IlMEFqUXVlcnklMjh0aGlzJTI5LmFkZENsYXNzJTI4JTI3YWN0aXZlJTI3JTI5JTNCJTBBalF1ZXJ5JTI4dGhpcyUyOS5zaWJsaW5ncyUyOCUyOS5yZW1vdmVDbGFzcyUyOCUyN2FjdGl2ZSUyNyUyOSUzQiUwQSUyMCUyMCUyMCUyMCU3RCUyOSUzQiUwQSU3RCUyOSUzQiUwQSUzQyUyRnNjcmlwdCUzRQ==[\/vc_raw_js][\/vc_column][\/vc_row][vc_row][vc_column][vc_raw_html]JTNDc3R5bGUlM0UlMEEuZm9vdGVyLWZvcm0lMjAlN0JkaXNwbGF5JTNBJTIwbm9uZSUzQiU3RCUwQSUzQyUyRnN0eWxlJTNF[\/vc_raw_html][\/vc_column][\/vc_row]<\/p>\n<\/section>","protected":false},"excerpt":{"rendered":"<p>[vc_row full_width=&#8221;stretch_row_content_no_spaces&#8221; el_class=&#8221;header-image&#8221;][vc_column][vc_single_image image=&#8221;1258&#8243; img_size=&#8221;full&#8221; el_class=&#8221;img-header-big&#8221;][vc_single_image image=&#8221;1258&#8243; img_size=&#8221;full&#8221; el_class=&#8221;img-header-small&#8221;][\/vc_column][\/vc_row][vc_row el_class=&#8221;sezione no-padding-bottom&#8221;][vc_column width=&#8221;2\/12&#8243;][\/vc_column][vc_column width=&#8221;8\/12&#8243;][vc_column_text el_class=&#8221;red&#8221;] CURSOS DE L\u00cdNGUA E CULTURA ITALIANA [\/vc_column_text][vc_column_text]Nossa variedade de cursos de italiano combina um ensino lingu\u00edstico de excel\u00eancia com uma forma\u00e7\u00e3o cultural de alta qualidade. Os per\u00edodos de estudo podem variar quanto \u00e0 quantidade de aulas por semana, \u00e0 forma como [&hellip;]<\/p>\n","protected":false},"author":4,"featured_media":0,"parent":0,"menu_order":-1,"comment_status":"closed","ping_status":"closed","template":"","meta":{"inline_featured_image":false,"footnotes":""},"class_list":["post-3498","page","type-page","status-publish","hentry"],"yoast_head":"<!-- This site is optimized with the Yoast SEO plugin v27.2 - https:\/\/yoast.com\/product\/yoast-seo-wordpress\/ -->\n<title>CURSOS | Linguaviva Educational Group<\/title>\n<meta name=\"description\" content=\"Nossa variedade de cursos de italiano combina um ensino lingu\u00edstico de excel\u00eancia com uma forma\u00e7\u00e3o cultural de alta qualidade.\" \/>\n<meta name=\"robots\" content=\"index, follow, max-snippet:-1, max-image-preview:large, max-video-preview:-1\" \/>\n<link rel=\"canonical\" href=\"https:\/\/linguavivagroup.com\/pt-pt\/cursos-de-lingua-e-cultura-italiana\/\" \/>\n<meta property=\"og:locale\" content=\"pt_PT\" \/>\n<meta property=\"og:type\" content=\"article\" \/>\n<meta property=\"og:title\" content=\"CURSOS | Linguaviva Educational Group\" \/>\n<meta property=\"og:description\" content=\"Nossa variedade de cursos de italiano combina um ensino lingu\u00edstico de excel\u00eancia com uma forma\u00e7\u00e3o cultural de alta qualidade.\" \/>\n<meta property=\"og:url\" content=\"https:\/\/linguavivagroup.com\/pt-pt\/cursos-de-lingua-e-cultura-italiana\/\" \/>\n<meta property=\"og:site_name\" content=\"Linguaviva Educational Group\" \/>\n<meta property=\"article:modified_time\" content=\"2024-04-02T12:13:49+00:00\" \/>\n<meta property=\"og:image\" content=\"https:\/\/linguavivagroup.com\/wp-content\/uploads\/2023\/04\/Educational-group.jpg\" \/>\n\t<meta property=\"og:image:width\" content=\"1920\" \/>\n\t<meta property=\"og:image:height\" content=\"923\" \/>\n\t<meta property=\"og:image:type\" content=\"image\/jpeg\" \/>\n<meta name=\"twitter:card\" content=\"summary_large_image\" \/>\n<meta name=\"twitter:label1\" content=\"Tempo estimado de leitura\" \/>\n\t<meta name=\"twitter:data1\" content=\"1 minuto\" \/>\n<script type=\"application\/ld+json\" class=\"yoast-schema-graph\">{\"@context\":\"https:\/\/schema.org\",\"@graph\":[{\"@type\":\"WebPage\",\"@id\":\"https:\/\/linguavivagroup.com\/pt-pt\/cursos-de-lingua-e-cultura-italiana\/\",\"url\":\"https:\/\/linguavivagroup.com\/pt-pt\/cursos-de-lingua-e-cultura-italiana\/\",\"name\":\"CURSOS | Linguaviva Educational Group\",\"isPartOf\":{\"@id\":\"https:\/\/linguavivagroup.com\/pt-pt\/#website\"},\"datePublished\":\"2023-07-21T13:55:06+00:00\",\"dateModified\":\"2024-04-02T12:13:49+00:00\",\"description\":\"Nossa variedade de cursos de italiano combina um ensino lingu\u00edstico de excel\u00eancia com uma forma\u00e7\u00e3o cultural de alta qualidade.\",\"breadcrumb\":{\"@id\":\"https:\/\/linguavivagroup.com\/pt-pt\/cursos-de-lingua-e-cultura-italiana\/#breadcrumb\"},\"inLanguage\":\"pt-PT\",\"potentialAction\":[{\"@type\":\"ReadAction\",\"target\":[\"https:\/\/linguavivagroup.com\/pt-pt\/cursos-de-lingua-e-cultura-italiana\/\"]}]},{\"@type\":\"BreadcrumbList\",\"@id\":\"https:\/\/linguavivagroup.com\/pt-pt\/cursos-de-lingua-e-cultura-italiana\/#breadcrumb\",\"itemListElement\":[{\"@type\":\"ListItem\",\"position\":1,\"name\":\"Home\",\"item\":\"https:\/\/linguavivagroup.com\/pt-pt\/\"},{\"@type\":\"ListItem\",\"position\":2,\"name\":\"CURSOS\"}]},{\"@type\":\"WebSite\",\"@id\":\"https:\/\/linguavivagroup.com\/pt-pt\/#website\",\"url\":\"https:\/\/linguavivagroup.com\/pt-pt\/\",\"name\":\"Linguaviva Educational Group\",\"description\":\"Study and learn italian in italy\",\"publisher\":{\"@id\":\"https:\/\/linguavivagroup.com\/pt-pt\/#organization\"},\"potentialAction\":[{\"@type\":\"SearchAction\",\"target\":{\"@type\":\"EntryPoint\",\"urlTemplate\":\"https:\/\/linguavivagroup.com\/pt-pt\/?s={search_term_string}\"},\"query-input\":{\"@type\":\"PropertyValueSpecification\",\"valueRequired\":true,\"valueName\":\"search_term_string\"}}],\"inLanguage\":\"pt-PT\"},{\"@type\":\"Organization\",\"@id\":\"https:\/\/linguavivagroup.com\/pt-pt\/#organization\",\"name\":\"Linguaviva Educational Group\",\"url\":\"https:\/\/linguavivagroup.com\/pt-pt\/\",\"logo\":{\"@type\":\"ImageObject\",\"inLanguage\":\"pt-PT\",\"@id\":\"https:\/\/linguavivagroup.com\/pt-pt\/#\/schema\/logo\/image\/\",\"url\":\"https:\/\/linguavivagroup.com\/wp-content\/uploads\/2026\/03\/logo-linguaviva-bianco-50-260.png\",\"contentUrl\":\"https:\/\/linguavivagroup.com\/wp-content\/uploads\/2026\/03\/logo-linguaviva-bianco-50-260.png\",\"width\":260,\"height\":48,\"caption\":\"Linguaviva Educational Group\"},\"image\":{\"@id\":\"https:\/\/linguavivagroup.com\/pt-pt\/#\/schema\/logo\/image\/\"}}]}<\/script>\n<!-- \/ Yoast SEO plugin. -->","yoast_head_json":{"title":"CURSOS | Linguaviva Educational Group","description":"Nossa variedade de cursos de italiano combina um ensino lingu\u00edstico de excel\u00eancia com uma forma\u00e7\u00e3o cultural de alta qualidade.","robots":{"index":"index","follow":"follow","max-snippet":"max-snippet:-1","max-image-preview":"max-image-preview:large","max-video-preview":"max-video-preview:-1"},"canonical":"https:\/\/linguavivagroup.com\/pt-pt\/cursos-de-lingua-e-cultura-italiana\/","og_locale":"pt_PT","og_type":"article","og_title":"CURSOS | Linguaviva Educational Group","og_description":"Nossa variedade de cursos de italiano combina um ensino lingu\u00edstico de excel\u00eancia com uma forma\u00e7\u00e3o cultural de alta qualidade.","og_url":"https:\/\/linguavivagroup.com\/pt-pt\/cursos-de-lingua-e-cultura-italiana\/","og_site_name":"Linguaviva Educational Group","article_modified_time":"2024-04-02T12:13:49+00:00","og_image":[{"width":1920,"height":923,"url":"https:\/\/linguavivagroup.com\/wp-content\/uploads\/2023\/04\/Educational-group.jpg","type":"image\/jpeg"}],"twitter_card":"summary_large_image","twitter_misc":{"Tempo estimado de leitura":"1 minuto"},"schema":{"@context":"https:\/\/schema.org","@graph":[{"@type":"WebPage","@id":"https:\/\/linguavivagroup.com\/pt-pt\/cursos-de-lingua-e-cultura-italiana\/","url":"https:\/\/linguavivagroup.com\/pt-pt\/cursos-de-lingua-e-cultura-italiana\/","name":"CURSOS | Linguaviva Educational Group","isPartOf":{"@id":"https:\/\/linguavivagroup.com\/pt-pt\/#website"},"datePublished":"2023-07-21T13:55:06+00:00","dateModified":"2024-04-02T12:13:49+00:00","description":"Nossa variedade de cursos de italiano combina um ensino lingu\u00edstico de excel\u00eancia com uma forma\u00e7\u00e3o cultural de alta qualidade.","breadcrumb":{"@id":"https:\/\/linguavivagroup.com\/pt-pt\/cursos-de-lingua-e-cultura-italiana\/#breadcrumb"},"inLanguage":"pt-PT","potentialAction":[{"@type":"ReadAction","target":["https:\/\/linguavivagroup.com\/pt-pt\/cursos-de-lingua-e-cultura-italiana\/"]}]},{"@type":"BreadcrumbList","@id":"https:\/\/linguavivagroup.com\/pt-pt\/cursos-de-lingua-e-cultura-italiana\/#breadcrumb","itemListElement":[{"@type":"ListItem","position":1,"name":"Home","item":"https:\/\/linguavivagroup.com\/pt-pt\/"},{"@type":"ListItem","position":2,"name":"CURSOS"}]},{"@type":"WebSite","@id":"https:\/\/linguavivagroup.com\/pt-pt\/#website","url":"https:\/\/linguavivagroup.com\/pt-pt\/","name":"Linguaviva Educational Group","description":"Study and learn italian in italy","publisher":{"@id":"https:\/\/linguavivagroup.com\/pt-pt\/#organization"},"potentialAction":[{"@type":"SearchAction","target":{"@type":"EntryPoint","urlTemplate":"https:\/\/linguavivagroup.com\/pt-pt\/?s={search_term_string}"},"query-input":{"@type":"PropertyValueSpecification","valueRequired":true,"valueName":"search_term_string"}}],"inLanguage":"pt-PT"},{"@type":"Organization","@id":"https:\/\/linguavivagroup.com\/pt-pt\/#organization","name":"Linguaviva Educational Group","url":"https:\/\/linguavivagroup.com\/pt-pt\/","logo":{"@type":"ImageObject","inLanguage":"pt-PT","@id":"https:\/\/linguavivagroup.com\/pt-pt\/#\/schema\/logo\/image\/","url":"https:\/\/linguavivagroup.com\/wp-content\/uploads\/2026\/03\/logo-linguaviva-bianco-50-260.png","contentUrl":"https:\/\/linguavivagroup.com\/wp-content\/uploads\/2026\/03\/logo-linguaviva-bianco-50-260.png","width":260,"height":48,"caption":"Linguaviva Educational Group"},"image":{"@id":"https:\/\/linguavivagroup.com\/pt-pt\/#\/schema\/logo\/image\/"}}]}},"_links":{"self":[{"href":"https:\/\/linguavivagroup.com\/pt-pt\/wp-json\/wp\/v2\/pages\/3498","targetHints":{"allow":["GET"]}}],"collection":[{"href":"https:\/\/linguavivagroup.com\/pt-pt\/wp-json\/wp\/v2\/pages"}],"about":[{"href":"https:\/\/linguavivagroup.com\/pt-pt\/wp-json\/wp\/v2\/types\/page"}],"author":[{"embeddable":true,"href":"https:\/\/linguavivagroup.com\/pt-pt\/wp-json\/wp\/v2\/users\/4"}],"replies":[{"embeddable":true,"href":"https:\/\/linguavivagroup.com\/pt-pt\/wp-json\/wp\/v2\/comments?post=3498"}],"version-history":[{"count":8,"href":"https:\/\/linguavivagroup.com\/pt-pt\/wp-json\/wp\/v2\/pages\/3498\/revisions"}],"predecessor-version":[{"id":9866,"href":"https:\/\/linguavivagroup.com\/pt-pt\/wp-json\/wp\/v2\/pages\/3498\/revisions\/9866"}],"wp:attachment":[{"href":"https:\/\/linguavivagroup.com\/pt-pt\/wp-json\/wp\/v2\/media?parent=3498"}],"curies":[{"name":"wp","href":"https:\/\/api.w.org\/{rel}","templated":true}]}}