{"id":5149,"date":"2023-12-11T15:30:51","date_gmt":"2023-12-11T14:30:51","guid":{"rendered":"https:\/\/linguavivagroup.com\/alloggi-firenze\/"},"modified":"2024-04-02T15:28:42","modified_gmt":"2024-04-02T13:28:42","slug":"acomodacao-em-florenca","status":"publish","type":"page","link":"https:\/\/linguavivagroup.com\/pt-pt\/acomodacao-em-florenca\/","title":{"rendered":"ACOMODA\u00c7\u00c3O EM FLOREN\u00c7A"},"content":{"rendered":"<section class=\"wpb-content-wrapper\"><p>[vc_row full_width=&#8221;stretch_row_content_no_spaces&#8221; el_class=&#8221;header-image&#8221;][vc_column][vc_single_image image=&#8221;5143&#8243; img_size=&#8221;full&#8221; el_class=&#8221;img-header-big&#8221;][vc_single_image image=&#8221;5208&#8243; img_size=&#8221;full&#8221; el_class=&#8221;img-header-small&#8221;][\/vc_column][\/vc_row][vc_row el_class=&#8221;sezione no-padding-bottom&#8221;][vc_column width=&#8221;2\/12&#8243;][\/vc_column][vc_column width=&#8221;8\/12&#8243;][vc_column_text el_class=&#8221;red&#8221;]<\/p>\n<h1 style=\"text-align: center;\">ACOMODA\u00c7\u00c3O EM FLOREN\u00c7A<\/h1>\n<p>[\/vc_column_text][vc_column_text]<\/p>\n<div class=\"flex flex-grow flex-col max-w-full\">\n<div class=\"min-h-[20px] text-message flex flex-col items-start gap-3 whitespace-pre-wrap break-words [.text-message+&amp;]:mt-5 overflow-x-auto\" data-message-author-role=\"assistant\" data-message-id=\"d6987b79-823c-4236-8327-8087a04f7bcb\">\n<div class=\"markdown prose w-full break-words dark:prose-invert light\">\n<div class=\"flex flex-grow flex-col max-w-full\">\n<div class=\"min-h-[20px] text-message flex flex-col items-start gap-3 whitespace-pre-wrap break-words [.text-message+&amp;]:mt-5 overflow-x-auto\" data-message-author-role=\"assistant\" data-message-id=\"a020a26c-7c31-435f-9443-a6752ee82807\">\n<div class=\"markdown prose w-full break-words dark:prose-invert light\">\n<p>Floren\u00e7a, a espl\u00eandida cidade italiana renomada por sua hist\u00f3ria e arte atemporais, \u00e9 um dos destinos oferecidos pela Linguaviva para estudantes que desejam aprender italiano na It\u00e1lia. Escolha a acomoda\u00e7\u00e3o que melhor atenda \u00e0s suas necessidades e prepare-se para ter uma experi\u00eancia \u00fanica em Floren\u00e7a, mergulhando em sua beleza e no encanto da l\u00edngua italiana.<\/p>\n<\/div>\n<\/div>\n<\/div>\n<\/div>\n<\/div>\n<\/div>\n<p>[\/vc_column_text][\/vc_column][vc_column width=&#8221;2\/12&#8243;][\/vc_column][\/vc_row][vc_row][vc_column][vc_empty_space height=&#8221;50px&#8221;][vc_basic_grid post_type=&#8221;accommodations&#8221; max_items=&#8221;-1&#8243; gap=&#8221;15&#8243; orderby=&#8221;menu_order&#8221; item=&#8221;1247&#8243; initial_loading_animation=&#8221;none&#8221; grid_id=&#8221;vc_gid:1706538525504-4edac38d-48e7-3&#8243; el_class=&#8221;elenco-corsi elenco-corsi-firenze&#8221; taxonomies=&#8221;35&#8243;][vc_empty_space height=&#8221;50px&#8221;][\/vc_column][\/vc_row]<\/p>\n<\/section>","protected":false},"excerpt":{"rendered":"<p>[vc_row full_width=&#8221;stretch_row_content_no_spaces&#8221; el_class=&#8221;header-image&#8221;][vc_column][vc_single_image image=&#8221;5143&#8243; img_size=&#8221;full&#8221; el_class=&#8221;img-header-big&#8221;][vc_single_image image=&#8221;5208&#8243; img_size=&#8221;full&#8221; el_class=&#8221;img-header-small&#8221;][\/vc_column][\/vc_row][vc_row el_class=&#8221;sezione no-padding-bottom&#8221;][vc_column width=&#8221;2\/12&#8243;][\/vc_column][vc_column width=&#8221;8\/12&#8243;][vc_column_text el_class=&#8221;red&#8221;] ACOMODA\u00c7\u00c3O EM FLOREN\u00c7A [\/vc_column_text][vc_column_text] Floren\u00e7a, a espl\u00eandida cidade italiana renomada por sua hist\u00f3ria e arte atemporais, \u00e9 um dos destinos oferecidos pela Linguaviva para estudantes que desejam aprender italiano na It\u00e1lia. Escolha a acomoda\u00e7\u00e3o que melhor atenda \u00e0s suas necessidades e [&hellip;]<\/p>\n","protected":false},"author":2,"featured_media":0,"parent":0,"menu_order":-1,"comment_status":"closed","ping_status":"closed","template":"","meta":{"inline_featured_image":false,"footnotes":""},"class_list":["post-5149","page","type-page","status-publish","hentry"],"yoast_head":"<!-- This site is optimized with the Yoast SEO plugin v27.2 - https:\/\/yoast.com\/product\/yoast-seo-wordpress\/ -->\n<title>ACOMODA\u00c7\u00c3O EM FLOREN\u00c7A | Linguaviva Educational Group<\/title>\n<meta name=\"description\" content=\"Escolha a acomoda\u00e7\u00e3o que melhor atenda \u00e0s suas necessidades e prepare-se para ter uma experi\u00eancia \u00fanica em Floren\u00e7a.\" \/>\n<meta name=\"robots\" content=\"index, follow, max-snippet:-1, max-image-preview:large, max-video-preview:-1\" \/>\n<link rel=\"canonical\" href=\"https:\/\/linguavivagroup.com\/pt-pt\/acomodacao-em-florenca\/\" \/>\n<meta property=\"og:locale\" content=\"pt_PT\" \/>\n<meta property=\"og:type\" content=\"article\" \/>\n<meta property=\"og:title\" content=\"ACOMODA\u00c7\u00c3O EM FLOREN\u00c7A | Linguaviva Educational Group\" \/>\n<meta property=\"og:description\" content=\"Escolha a acomoda\u00e7\u00e3o que melhor atenda \u00e0s suas necessidades e prepare-se para ter uma experi\u00eancia \u00fanica em Floren\u00e7a.\" \/>\n<meta property=\"og:url\" content=\"https:\/\/linguavivagroup.com\/pt-pt\/acomodacao-em-florenca\/\" \/>\n<meta property=\"og:site_name\" content=\"Linguaviva Educational Group\" \/>\n<meta property=\"article:modified_time\" content=\"2024-04-02T13:28:42+00:00\" \/>\n<meta property=\"og:image\" content=\"https:\/\/linguavivagroup.com\/wp-content\/uploads\/2023\/04\/Educational-group.jpg\" \/>\n\t<meta property=\"og:image:width\" content=\"1920\" \/>\n\t<meta property=\"og:image:height\" content=\"923\" \/>\n\t<meta property=\"og:image:type\" content=\"image\/jpeg\" \/>\n<meta name=\"twitter:card\" content=\"summary_large_image\" \/>\n<meta name=\"twitter:label1\" content=\"Tempo estimado de leitura\" \/>\n\t<meta name=\"twitter:data1\" content=\"1 minuto\" \/>\n<script type=\"application\/ld+json\" class=\"yoast-schema-graph\">{\"@context\":\"https:\/\/schema.org\",\"@graph\":[{\"@type\":\"WebPage\",\"@id\":\"https:\/\/linguavivagroup.com\/pt-pt\/acomodacao-em-florenca\/\",\"url\":\"https:\/\/linguavivagroup.com\/pt-pt\/acomodacao-em-florenca\/\",\"name\":\"ACOMODA\u00c7\u00c3O EM FLOREN\u00c7A | Linguaviva Educational Group\",\"isPartOf\":{\"@id\":\"https:\/\/linguavivagroup.com\/pt-pt\/#website\"},\"datePublished\":\"2023-12-11T14:30:51+00:00\",\"dateModified\":\"2024-04-02T13:28:42+00:00\",\"description\":\"Escolha a acomoda\u00e7\u00e3o que melhor atenda \u00e0s suas necessidades e prepare-se para ter uma experi\u00eancia \u00fanica em Floren\u00e7a.\",\"breadcrumb\":{\"@id\":\"https:\/\/linguavivagroup.com\/pt-pt\/acomodacao-em-florenca\/#breadcrumb\"},\"inLanguage\":\"pt-PT\",\"potentialAction\":[{\"@type\":\"ReadAction\",\"target\":[\"https:\/\/linguavivagroup.com\/pt-pt\/acomodacao-em-florenca\/\"]}]},{\"@type\":\"BreadcrumbList\",\"@id\":\"https:\/\/linguavivagroup.com\/pt-pt\/acomodacao-em-florenca\/#breadcrumb\",\"itemListElement\":[{\"@type\":\"ListItem\",\"position\":1,\"name\":\"Home\",\"item\":\"https:\/\/linguavivagroup.com\/pt-pt\/\"},{\"@type\":\"ListItem\",\"position\":2,\"name\":\"ACOMODA\u00c7\u00c3O EM FLOREN\u00c7A\"}]},{\"@type\":\"WebSite\",\"@id\":\"https:\/\/linguavivagroup.com\/pt-pt\/#website\",\"url\":\"https:\/\/linguavivagroup.com\/pt-pt\/\",\"name\":\"Linguaviva Educational Group\",\"description\":\"Study and learn italian in italy\",\"publisher\":{\"@id\":\"https:\/\/linguavivagroup.com\/pt-pt\/#organization\"},\"potentialAction\":[{\"@type\":\"SearchAction\",\"target\":{\"@type\":\"EntryPoint\",\"urlTemplate\":\"https:\/\/linguavivagroup.com\/pt-pt\/?s={search_term_string}\"},\"query-input\":{\"@type\":\"PropertyValueSpecification\",\"valueRequired\":true,\"valueName\":\"search_term_string\"}}],\"inLanguage\":\"pt-PT\"},{\"@type\":\"Organization\",\"@id\":\"https:\/\/linguavivagroup.com\/pt-pt\/#organization\",\"name\":\"Linguaviva Educational Group\",\"url\":\"https:\/\/linguavivagroup.com\/pt-pt\/\",\"logo\":{\"@type\":\"ImageObject\",\"inLanguage\":\"pt-PT\",\"@id\":\"https:\/\/linguavivagroup.com\/pt-pt\/#\/schema\/logo\/image\/\",\"url\":\"https:\/\/linguavivagroup.com\/wp-content\/uploads\/2026\/03\/logo-linguaviva-bianco-50-260.png\",\"contentUrl\":\"https:\/\/linguavivagroup.com\/wp-content\/uploads\/2026\/03\/logo-linguaviva-bianco-50-260.png\",\"width\":260,\"height\":48,\"caption\":\"Linguaviva Educational Group\"},\"image\":{\"@id\":\"https:\/\/linguavivagroup.com\/pt-pt\/#\/schema\/logo\/image\/\"}}]}<\/script>\n<!-- \/ Yoast SEO plugin. -->","yoast_head_json":{"title":"ACOMODA\u00c7\u00c3O EM FLOREN\u00c7A | Linguaviva Educational Group","description":"Escolha a acomoda\u00e7\u00e3o que melhor atenda \u00e0s suas necessidades e prepare-se para ter uma experi\u00eancia \u00fanica em Floren\u00e7a.","robots":{"index":"index","follow":"follow","max-snippet":"max-snippet:-1","max-image-preview":"max-image-preview:large","max-video-preview":"max-video-preview:-1"},"canonical":"https:\/\/linguavivagroup.com\/pt-pt\/acomodacao-em-florenca\/","og_locale":"pt_PT","og_type":"article","og_title":"ACOMODA\u00c7\u00c3O EM FLOREN\u00c7A | Linguaviva Educational Group","og_description":"Escolha a acomoda\u00e7\u00e3o que melhor atenda \u00e0s suas necessidades e prepare-se para ter uma experi\u00eancia \u00fanica em Floren\u00e7a.","og_url":"https:\/\/linguavivagroup.com\/pt-pt\/acomodacao-em-florenca\/","og_site_name":"Linguaviva Educational Group","article_modified_time":"2024-04-02T13:28:42+00:00","og_image":[{"width":1920,"height":923,"url":"https:\/\/linguavivagroup.com\/wp-content\/uploads\/2023\/04\/Educational-group.jpg","type":"image\/jpeg"}],"twitter_card":"summary_large_image","twitter_misc":{"Tempo estimado de leitura":"1 minuto"},"schema":{"@context":"https:\/\/schema.org","@graph":[{"@type":"WebPage","@id":"https:\/\/linguavivagroup.com\/pt-pt\/acomodacao-em-florenca\/","url":"https:\/\/linguavivagroup.com\/pt-pt\/acomodacao-em-florenca\/","name":"ACOMODA\u00c7\u00c3O EM FLOREN\u00c7A | Linguaviva Educational Group","isPartOf":{"@id":"https:\/\/linguavivagroup.com\/pt-pt\/#website"},"datePublished":"2023-12-11T14:30:51+00:00","dateModified":"2024-04-02T13:28:42+00:00","description":"Escolha a acomoda\u00e7\u00e3o que melhor atenda \u00e0s suas necessidades e prepare-se para ter uma experi\u00eancia \u00fanica em Floren\u00e7a.","breadcrumb":{"@id":"https:\/\/linguavivagroup.com\/pt-pt\/acomodacao-em-florenca\/#breadcrumb"},"inLanguage":"pt-PT","potentialAction":[{"@type":"ReadAction","target":["https:\/\/linguavivagroup.com\/pt-pt\/acomodacao-em-florenca\/"]}]},{"@type":"BreadcrumbList","@id":"https:\/\/linguavivagroup.com\/pt-pt\/acomodacao-em-florenca\/#breadcrumb","itemListElement":[{"@type":"ListItem","position":1,"name":"Home","item":"https:\/\/linguavivagroup.com\/pt-pt\/"},{"@type":"ListItem","position":2,"name":"ACOMODA\u00c7\u00c3O EM FLOREN\u00c7A"}]},{"@type":"WebSite","@id":"https:\/\/linguavivagroup.com\/pt-pt\/#website","url":"https:\/\/linguavivagroup.com\/pt-pt\/","name":"Linguaviva Educational Group","description":"Study and learn italian in italy","publisher":{"@id":"https:\/\/linguavivagroup.com\/pt-pt\/#organization"},"potentialAction":[{"@type":"SearchAction","target":{"@type":"EntryPoint","urlTemplate":"https:\/\/linguavivagroup.com\/pt-pt\/?s={search_term_string}"},"query-input":{"@type":"PropertyValueSpecification","valueRequired":true,"valueName":"search_term_string"}}],"inLanguage":"pt-PT"},{"@type":"Organization","@id":"https:\/\/linguavivagroup.com\/pt-pt\/#organization","name":"Linguaviva Educational Group","url":"https:\/\/linguavivagroup.com\/pt-pt\/","logo":{"@type":"ImageObject","inLanguage":"pt-PT","@id":"https:\/\/linguavivagroup.com\/pt-pt\/#\/schema\/logo\/image\/","url":"https:\/\/linguavivagroup.com\/wp-content\/uploads\/2026\/03\/logo-linguaviva-bianco-50-260.png","contentUrl":"https:\/\/linguavivagroup.com\/wp-content\/uploads\/2026\/03\/logo-linguaviva-bianco-50-260.png","width":260,"height":48,"caption":"Linguaviva Educational Group"},"image":{"@id":"https:\/\/linguavivagroup.com\/pt-pt\/#\/schema\/logo\/image\/"}}]}},"_links":{"self":[{"href":"https:\/\/linguavivagroup.com\/pt-pt\/wp-json\/wp\/v2\/pages\/5149","targetHints":{"allow":["GET"]}}],"collection":[{"href":"https:\/\/linguavivagroup.com\/pt-pt\/wp-json\/wp\/v2\/pages"}],"about":[{"href":"https:\/\/linguavivagroup.com\/pt-pt\/wp-json\/wp\/v2\/types\/page"}],"author":[{"embeddable":true,"href":"https:\/\/linguavivagroup.com\/pt-pt\/wp-json\/wp\/v2\/users\/2"}],"replies":[{"embeddable":true,"href":"https:\/\/linguavivagroup.com\/pt-pt\/wp-json\/wp\/v2\/comments?post=5149"}],"version-history":[{"count":11,"href":"https:\/\/linguavivagroup.com\/pt-pt\/wp-json\/wp\/v2\/pages\/5149\/revisions"}],"predecessor-version":[{"id":8048,"href":"https:\/\/linguavivagroup.com\/pt-pt\/wp-json\/wp\/v2\/pages\/5149\/revisions\/8048"}],"wp:attachment":[{"href":"https:\/\/linguavivagroup.com\/pt-pt\/wp-json\/wp\/v2\/media?parent=5149"}],"curies":[{"name":"wp","href":"https:\/\/api.w.org\/{rel}","templated":true}]}}